{"id":40,"date":"2026-02-07T13:27:54","date_gmt":"2026-02-07T13:27:54","guid":{"rendered":"https:\/\/cassisolidaria.com.br\/?page_id=40"},"modified":"2026-02-19T17:15:40","modified_gmt":"2026-02-19T20:15:40","slug":"home2","status":"publish","type":"page","link":"https:\/\/cassisolidaria.com.br\/","title":{"rendered":"Home2"},"content":{"rendered":"<div id=\"tdi_1\" class=\"tdc-zone\"><div class=\"tdc_zone tdi_2  wpb_row td-pb-row\"  >\n<style scoped>\n\/* custom css - generated by TagDiv Composer *\/\n\n\/* custom css - generated by TagDiv Composer *\/\n.tdi_2{\r\n                    min-height: 0;\r\n                }\n\/* inline tdc_css att - generated by TagDiv Composer *\/\n\n.tdi_2{\nborder-style:none !important;\n--tdb-scroll-anim:none !important;\nborder-color:#888888 !important;\nborder-width:0 !important;\n}\n\n<\/style><div id=\"tdi_3\" class=\"tdc-row\"><div class=\"vc_row tdi_4  wpb_row td-pb-row\" >\n<style scoped>\n\/* custom css - generated by TagDiv Composer *\/\n\n\/* custom css - generated by TagDiv Composer *\/\n.tdi_4,\r\n                .tdi_4 .tdc-columns{\r\n                    min-height: 0;\r\n                }.tdi_4,\r\n\t\t\t\t.tdi_4 .tdc-columns{\r\n\t\t\t\t    display: block;\r\n\t\t\t\t}.tdi_4 .tdc-columns{\r\n\t\t\t\t    width: 100%;\r\n\t\t\t\t}.tdi_4:before,\r\n\t\t\t\t.tdi_4:after{\r\n\t\t\t\t    display: table;\r\n\t\t\t\t}\n<\/style><div class=\"vc_column tdi_6  wpb_column vc_column_container tdc-column td-pb-span12\">\n<style scoped>\n\/* custom css - generated by TagDiv Composer *\/\n\n\/* custom css - generated by TagDiv Composer *\/\n.tdi_6{\r\n                    vertical-align: baseline;\r\n                }.tdi_6 > .wpb_wrapper,\r\n\t\t\t\t.tdi_6 > .wpb_wrapper > .tdc-elements{\r\n\t\t\t\t    display: block;\r\n\t\t\t\t}.tdi_6 > .wpb_wrapper > .tdc-elements{\r\n\t\t\t\t    width: 100%;\r\n\t\t\t\t}.tdi_6 > .wpb_wrapper > .vc_row_inner{\r\n\t\t\t\t    width: auto;\r\n\t\t\t\t}.tdi_6 > .wpb_wrapper{\r\n\t\t\t\t    width: auto;\r\n\t\t\t\t    height: auto;\r\n\t\t\t\t}\n<\/style><div class=\"wpb_wrapper\" ><div class=\"td_block_wrap tdb_header_logo tdi_7 td-pb-border-top td_block_template_1 tdb-header-align\"  data-td-block-uid=\"tdi_7\" >\n<style>\n\n\/* inline tdc_css att - generated by TagDiv Composer *\/\n\n.tdi_7{\nmargin-top:20px !important;\n--tdb-scroll-anim:none !important;\n}\n\n<\/style>\n<style>\n\/* custom css - generated by TagDiv Composer *\/\n.tdb-header-align{\r\n                  vertical-align: middle;\r\n                }.tdb_header_logo{\r\n                  margin-bottom: 0;\r\n                  clear: none;\r\n                }.tdb_header_logo .tdb-logo-a,\r\n                .tdb_header_logo h1{\r\n                  display: flex;\r\n                  pointer-events: auto;\r\n                  align-items: flex-start;\r\n                }.tdb_header_logo h1{\r\n                  margin: 0;\r\n                  line-height: 0;\r\n                }.tdb_header_logo .tdb-logo-img-wrap img{\r\n                  display: block;\r\n                }.tdb_header_logo .tdb-logo-svg-wrap + .tdb-logo-img-wrap{\r\n                  display: none;\r\n                }.tdb_header_logo .tdb-logo-svg-wrap svg{\r\n                  width: 50px;\r\n                  display: block;\r\n                  transition: fill .3s ease;\r\n                }.tdb_header_logo .tdb-logo-text-wrap{\r\n                  display: flex;\r\n                }.tdb_header_logo .tdb-logo-text-title,\r\n                .tdb_header_logo .tdb-logo-text-tagline{\r\n                  -webkit-transition: all 0.2s ease;\r\n                  transition: all 0.2s ease;\r\n                }.tdb_header_logo .tdb-logo-text-title{\r\n                  background-size: cover;\r\n                  background-position: center center;\r\n                  font-size: 75px;\r\n                  font-family: serif;\r\n                  line-height: 1.1;\r\n                  color: #222;\r\n                  white-space: nowrap;\r\n                }.tdb_header_logo .tdb-logo-text-tagline{\r\n                  margin-top: 2px;\r\n                  font-size: 12px;\r\n                  font-family: serif;\r\n                  letter-spacing: 1.8px;\r\n                  line-height: 1;\r\n                  color: #767676;\r\n                }.tdb_header_logo .tdb-logo-icon{\r\n                  position: relative;\r\n                  font-size: 46px;\r\n                  color: #000;\r\n                }.tdb_header_logo .tdb-logo-icon-svg{\r\n                  line-height: 0;\r\n                }.tdb_header_logo .tdb-logo-icon-svg svg{\r\n                  width: 46px;\r\n                  height: auto;\r\n                }.tdb_header_logo .tdb-logo-icon-svg svg,\r\n                .tdb_header_logo .tdb-logo-icon-svg svg *{\r\n                  fill: #000;\r\n                }.tdi_7 .tdb-logo-a,\r\n                .tdi_7 h1{\r\n                    flex-direction: column;\r\n                \r\n                    align-items: center;\r\n                }.tdi_7 .tdb-logo-svg-wrap{\r\n                    display: block;\r\n                }.tdi_7 .tdb-logo-svg-wrap + .tdb-logo-img-wrap{\r\n                    display: none;\r\n                }.tdi_7 .tdb-logo-img{\r\n                    max-width: 1800px;\r\n                }.tdi_7 .tdb-logo-img-wrap{\r\n                    display: block;\r\n                }.tdi_7 .tdb-logo-text-tagline{\r\n                    margin-top: 2px;\r\n                    margin-left: 0;\r\n                \r\n                    display: block;\r\n                }.tdi_7 .tdb-logo-text-title{\r\n                    display: block;\r\n                }.tdi_7 .tdb-logo-text-wrap{\r\n                    flex-direction: column;\r\n                \r\n                    align-items: flex-start;\r\n                }.tdi_7 .tdb-logo-icon{\r\n                    top: 0px;\r\n                \r\n                    display: block;\r\n                }@media (max-width: 767px) {\r\n                  .tdb_header_logo .tdb-logo-text-title {\r\n                    font-size: 36px;\r\n                  }\r\n                }@media (max-width: 767px) {\r\n                  .tdb_header_logo .tdb-logo-text-tagline {\r\n                    font-size: 11px;\r\n                  }\r\n                }\n\n\/* phone *\/\n@media (max-width: 767px){\n.tdi_7 .tdb-logo-img{\r\n                    max-width: 320px;\r\n                }\n}\n<\/style><div class=\"tdb-block-inner td-fix-index\"><a class=\"tdb-logo-a\" href=\"https:\/\/cassisolidaria.com.br\/\"><span class=\"tdb-logo-img-wrap\"><img loading=\"lazy\" decoding=\"async\" class=\"tdb-logo-img td-retina-data\" data-retina=\"https:\/\/cassisolidaria.com.br\/wp-content\/uploads\/2026\/02\/MarcaFotos.png\" src=\"https:\/\/cassisolidaria.com.br\/wp-content\/uploads\/2026\/02\/MarcaFotos.png\" alt=\"Cassi Solid\u00e1ria\"  title=\"\"  width=\"623\" height=\"185\" \/><\/span><\/a><\/div><\/div> <!-- .\/block --><\/div><\/div><\/div><\/div><div id=\"tdi_8\" class=\"tdc-row\"><div class=\"vc_row tdi_9  wpb_row td-pb-row\" >\n<style scoped>\n\/* custom css - generated by TagDiv Composer *\/\n\n\/* custom css - generated by TagDiv Composer *\/\n.tdi_9,\r\n                .tdi_9 .tdc-columns{\r\n                    min-height: 0;\r\n                }.tdi_9,\r\n\t\t\t\t.tdi_9 .tdc-columns{\r\n\t\t\t\t    display: block;\r\n\t\t\t\t}.tdi_9 .tdc-columns{\r\n\t\t\t\t    width: 100%;\r\n\t\t\t\t}.tdi_9:before,\r\n\t\t\t\t.tdi_9:after{\r\n\t\t\t\t    display: table;\r\n\t\t\t\t}\n<\/style><div class=\"vc_column tdi_11  wpb_column vc_column_container tdc-column td-pb-span12\">\n<style scoped>\n\/* custom css - generated by TagDiv Composer *\/\n\n\/* custom css - generated by TagDiv Composer *\/\n.tdi_11{\r\n                    vertical-align: baseline;\r\n                }.tdi_11 > .wpb_wrapper,\r\n\t\t\t\t.tdi_11 > .wpb_wrapper > .tdc-elements{\r\n\t\t\t\t    display: block;\r\n\t\t\t\t}.tdi_11 > .wpb_wrapper > .tdc-elements{\r\n\t\t\t\t    width: 100%;\r\n\t\t\t\t}.tdi_11 > .wpb_wrapper > .vc_row_inner{\r\n\t\t\t\t    width: auto;\r\n\t\t\t\t}.tdi_11 > .wpb_wrapper{\r\n\t\t\t\t    width: auto;\r\n\t\t\t\t    height: auto;\r\n\t\t\t\t}\n\/* inline tdc_css att - generated by TagDiv Composer *\/\n\n.tdi_11{\nmargin-top:50px !important;\n--tdb-scroll-anim:none !important;\n}\n\n<\/style><div class=\"wpb_wrapper\" ><div class=\"td_block_wrap td_block_text_with_title tdi_12 tagdiv-type td-pb-border-top td_block_template_13\"  data-td-block-uid=\"tdi_12\" >\n<style>\n.td_block_template_13.widget > ul > li {\r\n                margin-left: 0 !important;\r\n            }\r\n            .global-block-template-13 .td-comments-title span {\r\n                margin-left: 0 !important;\r\n                font-size: 20px;\r\n            }\r\n            @media (max-width: 767px) {\r\n                .global-block-template-13 .td-comments-title span {\r\n                    font-size: 15px;\r\n                }\r\n            }\r\n            .td_block_template_13 .td-related-title a {\r\n                margin-right: 20px;\r\n                font-size: 20px;\r\n            }\r\n            @media (max-width: 767px) {\r\n                .td_block_template_13 .td-related-title a {\r\n                    font-size: 15px;\r\n                }\r\n            }\r\n            .td_block_template_13 .td-related-title .td-cur-simple-item {\r\n                color: var(--td_theme_color, #4db2ec);\r\n            }\r\n            .td_block_template_13 .td-related-title > a.td-related-right {\r\n                margin-left: 0 !important;\r\n            }\r\n            .td_block_template_13 .td-block-title {\r\n                font-size: 26px;\r\n                font-weight: 800;\r\n                margin-bottom: 26px;\r\n                line-height: 26px !important;\r\n                padding: 0;\r\n                letter-spacing: -0.6px;\r\n                margin-top: 36px;\r\n                transform: translateZ(0);\r\n                -webkit-transform: translateZ(0);\r\n                text-align: left;\r\n            }\r\n            .td_block_template_13 .td-block-title a {\r\n                color: #111;\r\n            }\r\n            @media (max-width: 1018px) {\r\n                .td_block_template_13 .td-block-title {\r\n                    font-size: 22px;\r\n                    margin-bottom: 16px;\r\n                    margin-top: 26px;\r\n                }\r\n            }\r\n            @media (max-width: 767px) {\r\n                .td_block_template_13 .td-block-title {\r\n                    margin-top: 26px !important;\r\n                    margin-bottom: 16px !important;\r\n                }\r\n            }\r\n            .td_block_template_13 .td-block-title > a,\r\n            .td_block_template_13 .td-block-title > span {\r\n                margin-left: 12px;\r\n                color: var(--td_text_header_color, #111);\r\n            }\r\n            @media (max-width: 767px) {\r\n                .td_block_template_13 .td-block-title > a,\r\n                .td_block_template_13 .td-block-title > span {\r\n                    margin-left: 12px !important;\r\n                }\r\n            }\r\n            .td_block_template_13 .td-subcat-filter {\r\n                line-height: 1;\r\n                display: table;\r\n            }\r\n            .td_block_template_13 .td-subcat-dropdown .td-subcat-more {\r\n                margin-bottom: 8px !important;\r\n                margin-top: 7px;\r\n            }\r\n            .td_block_template_13 .td-pulldown-category {\r\n                font-family: var(--td_default_google_font_2, 'Roboto', sans-serif);\r\n                font-size: 14px;\r\n                line-height: 26px !important;\r\n                color: #444;\r\n                font-weight: 500;\r\n                position: absolute;\r\n                right: 0;\r\n                bottom: -2px;\r\n                top: 0;\r\n                margin: auto 0;\r\n                display: table;\r\n            }\r\n            .td_block_template_13 .td-pulldown-category span {\r\n                display: inline-block;\r\n                -webkit-transition: transform 0.5s ease;\r\n                transition: transform 0.5s ease;\r\n            }\r\n            @media (max-width: @responsive_p_phone_max) {\r\n                .td_block_template_13 .td-pulldown-category span {\r\n                    display: none;\r\n                }\r\n            }\r\n            .td_block_template_13 .td-pulldown-category i {\r\n                font-size: 10px;\r\n                margin-left: 10px;\r\n            }\r\n            .td_block_template_13 .td-pulldown-category:hover {\r\n                opacity: 0.9;\r\n            }\r\n            .td_block_template_13 .td-pulldown-category:hover span {\r\n                transform: translate3d(-6px, 0, 0);\r\n                -webkit-transform: translate3d(-6px, 0, 0);\r\n            }\r\n            .td_block_template_13 .td-block-subtitle {\r\n                font-size: 90px;\r\n                text-transform: uppercase;\r\n                position: absolute;\r\n                left: -4px;\r\n                z-index: -1;\r\n                bottom: -20px;\r\n                white-space: nowrap;\r\n                color: #f3f3f3;\r\n                line-height: 1;\r\n            }\r\n            @media (min-width: 768px) and (max-width: 1018px) {\r\n                .td_block_template_13 .td-block-subtitle {\r\n                    font-size: 70px;\r\n                    bottom: -15px;\r\n                }\r\n            }\r\n            @media (max-width: 767px) {\r\n                .td_block_template_13 .td-block-subtitle {\r\n                    font-size: 60px;\r\n                    bottom: -12px;\r\n                }\r\n            }\r\n            .td_block_template_13 .td-title-align {\r\n                margin-top: 0 !important;\r\n            }\r\n            .td_block_template_13 .td-title-align  > a,\r\n            .td_block_template_13 .td-title-align > span {\r\n                margin-left: 0 !important;\r\n            }\r\n            @media (min-width: 768px) and (max-width: 1018px) {\r\n                .td-pb-span4 .td_block_template_13 .td-pulldown-category span {\r\n                    display: none;\r\n                }\r\n            }\r\n            @media (min-width: 768px) {\r\n                .td-pb-span4 .td_block_template_13 .td-block-subtitle {\r\n                    display: none;\r\n                }\r\n            }\r\n            .td-pb-span4 .td_block_template_13 .td-block-title {\r\n                margin-top: 0;\r\n            }\r\n            .td-pb-span4 .td_block_template_13 .td-block-title * > {\r\n                margin-left: 0;\r\n            }\r\n            .td-pb-span12 .td_block_template_13 .td-block-title {\r\n                margin-bottom: 40px;\r\n            }\r\n            @media (min-width: 768px) and (max-width: 1018px) {\r\n                .td-pb-span12 .td_block_template_13 .td-block-title {\r\n                    margin-bottom: 26px;\r\n                }\r\n            }\n<\/style>\n<style>\n\/* custom css - generated by TagDiv Composer *\/\n.td_block_text_with_title{\r\n                  margin-bottom: 44px;\r\n                  -webkit-transform: translateZ(0);\r\n                  transform: translateZ(0);\r\n                }.td_block_text_with_title p:last-child{\r\n                  margin-bottom: 0;\r\n                }.tdi_12 h4{\r\n\t\t\t        font-family:Nunito !important;\r\n\t\t        }.tdi_12 h6{\r\n\t\t\t        font-family:Nunito !important;font-size:24px !important;line-height:2 !important;\r\n\t\t        }.tdi_12{\r\n\t\t\t        color: #1e73be;\r\n\t\t        }.tdi_12 h1,\r\n\t\t\t\t.tdi_12 h2,\r\n\t\t\t\t.tdi_12 h3,\r\n\t\t\t\t.tdi_12 h4,\r\n\t\t\t\t.tdi_12 h5,\r\n\t\t\t\t.tdi_12 h6{\r\n\t\t\t        color: #1e73be;\r\n\t\t        }\n\n\/* phone *\/\n@media (max-width: 767px){\n.tdi_12 h6{\r\n\t\t\t        font-size:18px !important;\r\n\t\t        }\n}\n<\/style><div class=\"td-block-title-wrap\"><h4 class=\"td-block-title td-title-align\"><span> Solidariedade n\u00e3o \u00e9 discurso: \u00e9 pr\u00e1tica cotidiana.<\/span><div class=\"td-block-subtitle\"><\/div><\/h4><\/div><div class=\"td_mod_wrap td-fix-index\"><h6 style=\"text-align: center;\"><span style=\"font-weight: 400;\">A CASSI nasceu da solidariedade entre colegas e \u00e9 isso que a mant\u00e9m viva, h\u00e1 mais de 82 anos: gente cuidando de gente, em todas as fases da vida. Em tempos dif\u00edceis, quando direitos foram amea\u00e7ados e v\u00ednculos fragilizados, escolhemos n\u00e3o virar as costas, mas estender a m\u00e3o. A Chapa CASSI Solid\u00e1ria carrega a experi\u00eancia de quem enfrentou desafios reais com firmeza pol\u00edtica, independ\u00eancia dos governos e da dire\u00e7\u00e3o do banco, responsabilidade, escuta e sensibilidade \u2014 e a convic\u00e7\u00e3o de que sa\u00fade n\u00e3o \u00e9 planilha, \u00e9 cuidado, acolhimento e presen\u00e7a. Defender a CASSI \u00e9 reafirmar que ningu\u00e9m fica para tr\u00e1s, que todos importam, e que o futuro s\u00f3 faz sentido se for constru\u00eddo com justi\u00e7a, inclus\u00e3o e humanidade.<\/span><\/h6>\n<h6 style=\"text-align: center;\"><span style=\"font-weight: 400;\">Solidariedade n\u00e3o \u00e9 discurso: \u00e9 pr\u00e1tica cotidiana. \u00c9 isso que nos une.<\/span><\/h6>\n<\/div><\/div><\/div><\/div><\/div><\/div><div id=\"tdi_13\" class=\"tdc-row\"><div class=\"vc_row tdi_14  wpb_row td-pb-row\" >\n<style scoped>\n\/* custom css - generated by TagDiv Composer *\/\n\n\/* custom css - generated by TagDiv Composer *\/\n.tdi_14,\r\n                .tdi_14 .tdc-columns{\r\n                    min-height: 0;\r\n                }.tdi_14,\r\n\t\t\t\t.tdi_14 .tdc-columns{\r\n\t\t\t\t    display: block;\r\n\t\t\t\t}.tdi_14 .tdc-columns{\r\n\t\t\t\t    width: 100%;\r\n\t\t\t\t}.tdi_14:before,\r\n\t\t\t\t.tdi_14:after{\r\n\t\t\t\t    display: table;\r\n\t\t\t\t}\n<\/style><div class=\"vc_column tdi_16  wpb_column vc_column_container tdc-column td-pb-span12\">\n<style scoped>\n\/* custom css - generated by TagDiv Composer *\/\n\n\/* custom css - generated by TagDiv Composer *\/\n.tdi_16{\r\n                    vertical-align: baseline;\r\n                }.tdi_16 > .wpb_wrapper,\r\n\t\t\t\t.tdi_16 > .wpb_wrapper > .tdc-elements{\r\n\t\t\t\t    display: block;\r\n\t\t\t\t}.tdi_16 > .wpb_wrapper > .tdc-elements{\r\n\t\t\t\t    width: 100%;\r\n\t\t\t\t}.tdi_16 > .wpb_wrapper > .vc_row_inner{\r\n\t\t\t\t    width: auto;\r\n\t\t\t\t}.tdi_16 > .wpb_wrapper{\r\n\t\t\t\t    width: auto;\r\n\t\t\t\t    height: auto;\r\n\t\t\t\t}\n<\/style><div class=\"wpb_wrapper\" ><div class=\"td_block_wrap td_block_video_embed tdi_17 td-pb-border-top td_block_template_1\"  data-td-block-uid=\"tdi_17\" >\n<style>\n\/* custom css - generated by TagDiv Composer *\/\n.tdi_17 .wpb_video_wrapper{\r\n                    position: relative;\r\n                    height: 0;\r\n                    padding-bottom: 56.25%;\r\n                }.tdi_17 iframe{\r\n                    position: absolute;\r\n                    top: 0;\r\n                    left: 0;\r\n                    width: 100% !important;\r\n                    height: 100% !important;\r\n                }\n<\/style><div class=\"td-block-title-wrap\"><\/div><div id=tdi_17 class=\"td_block_inner td-fix-index\">\r\n                            <div class=\"wpb_video_wrapper\">\r\n                                <iframe loading=\"lazy\" class=\"td-youtube-player\" width=\"600\" height=\"560\" referrerpolicy=\"strict-origin-when-cross-origin\" src=\"https:\/\/www.youtube.com\/embed\/Kv8ZBtdip_Y?enablejsapi=1&feature=oembed&wmode=opaque&vq=hd720&&&\" frameborder=\"0\" allowfullscreen=\"\" allow=\"autoplay\"><\/iframe>                            \r\n                            <\/div>\r\n        \r\n                    <script type=\"text\/javascript\">\r\n                            \r\n                        jQuery().ready(function() {\r\n                            tdShowVideo.loadApiYoutube(); \r\n                        });\r\n                        \r\n                    <\/script><\/div><\/div><\/div><\/div><\/div><\/div><div id=\"tdi_18\" class=\"tdc-row\"><div class=\"vc_row tdi_19  wpb_row td-pb-row\" >\n<style scoped>\n\/* custom css - generated by TagDiv Composer *\/\n\n\/* custom css - generated by TagDiv Composer *\/\n.tdi_19,\r\n                .tdi_19 .tdc-columns{\r\n                    min-height: 0;\r\n                }.tdi_19,\r\n\t\t\t\t.tdi_19 .tdc-columns{\r\n\t\t\t\t    display: block;\r\n\t\t\t\t}.tdi_19 .tdc-columns{\r\n\t\t\t\t    width: 100%;\r\n\t\t\t\t}.tdi_19:before,\r\n\t\t\t\t.tdi_19:after{\r\n\t\t\t\t    display: table;\r\n\t\t\t\t}\n<\/style><div class=\"vc_column tdi_21  wpb_column vc_column_container tdc-column td-pb-span12\">\n<style scoped>\n\/* custom css - generated by TagDiv Composer *\/\n\n\/* custom css - generated by TagDiv Composer *\/\n.tdi_21{\r\n                    vertical-align: baseline;\r\n                }.tdi_21 > .wpb_wrapper,\r\n\t\t\t\t.tdi_21 > .wpb_wrapper > .tdc-elements{\r\n\t\t\t\t    display: block;\r\n\t\t\t\t}.tdi_21 > .wpb_wrapper > .tdc-elements{\r\n\t\t\t\t    width: 100%;\r\n\t\t\t\t}.tdi_21 > .wpb_wrapper > .vc_row_inner{\r\n\t\t\t\t    width: auto;\r\n\t\t\t\t}.tdi_21 > .wpb_wrapper{\r\n\t\t\t\t    width: auto;\r\n\t\t\t\t    height: auto;\r\n\t\t\t\t}\n\/* inline tdc_css att - generated by TagDiv Composer *\/\n\n.tdi_21{\nmargin-top:50px !important;\n--tdb-scroll-anim:none !important;\n}\n\n<\/style><div class=\"wpb_wrapper\" ><div class=\"td_block_wrap td_block_text_with_title tdi_22 tagdiv-type td-pb-border-top td_block_template_13\"  data-td-block-uid=\"tdi_22\" >\n<style>\n\/* custom css - generated by TagDiv Composer *\/\n.tdi_22 h4{\r\n\t\t\t        font-family:Nunito !important;\r\n\t\t        }.tdi_22 h6{\r\n\t\t\t        font-family:Nunito !important;font-size:24px !important;line-height:2 !important;\r\n\t\t        }.tdi_22{\r\n\t\t\t        color: #1e73be;\r\n\t\t        }.tdi_22 h1,\r\n\t\t\t\t.tdi_22 h2,\r\n\t\t\t\t.tdi_22 h3,\r\n\t\t\t\t.tdi_22 h4,\r\n\t\t\t\t.tdi_22 h5,\r\n\t\t\t\t.tdi_22 h6{\r\n\t\t\t        color: #1e73be;\r\n\t\t        }\n\n\/* phone *\/\n@media (max-width: 767px){\n.tdi_22 h6{\r\n\t\t\t        font-size:18px !important;\r\n\t\t        }\n}\n<\/style><div class=\"td-block-title-wrap\"><h4 class=\"td-block-title td-title-align\"><span>Como votar, onde votar e quando votar<\/span><div class=\"td-block-subtitle\"><\/div><\/h4><\/div><div class=\"td_mod_wrap td-fix-index\"><p><span style=\"font-weight: 400; color: #333399;\">A vota\u00e7\u00e3o para Diretoria de Sa\u00fade, Conselho Deliberativo e Conselho Fiscal da CASSI ser\u00e1 realizada no per\u00edodo de 13 de mar\u00e7o de 2026 (sexta-feira, a partir das 09h) at\u00e9 o dia 23\/03\/26 (segunda-feira, at\u00e9 \u00e0s 18h, hor\u00e1rio de Bras\u00edlia).<\/span><\/p>\n<p><span style=\"color: #333399;\"><span style=\"font-weight: 400;\">Cada colega vai votar duas vezes: a primeira \u00e9 para Diretor de Sa\u00fade e Conselheiros Deliberativos (dois titulares e dois suplentes); a segunda, para o Conselho Fiscal (um titular e um suplente). Nossa <\/span><b>Chapa Cassi Solid\u00e1ria<\/b><span style=\"font-weight: 400;\"> tem os n\u00fameros 4, para Diretor e Conselho Deliberativo) e 33 para o Conselho Fiscal.<\/span><\/span><\/p>\n<h3><span style=\"color: #333399;\"><b>Locais de Vota\u00e7\u00e3o<\/b><\/span><\/h3>\n<p><span style=\"font-weight: 400; color: #333399;\">Os votos dos associados e associadas ser\u00e3o coletados pelos seguintes canais:<\/span><\/p>\n<ol>\n<li><span style=\"font-weight: 400; color: #333399;\"><span style=\"color: #ff6600;\"><strong> Mobile \u2013 APP CASSI:<\/strong> <\/span>todos os associados, com login de acesso aos Servi\u00e7os Online CASSI;<\/span><\/li>\n<li><span style=\"font-weight: 400; color: #333399;\"><span style=\"color: #ff6600;\"><strong> WEB\/Internet:<\/strong> <\/span>todos os associados, com login de acesso aos Servi\u00e7os Online CASSI;<\/span><\/li>\n<li><span style=\"font-weight: 400; color: #333399;\"><span style=\"color: #ff6600;\"><strong> SisBB \u2013<\/strong> Sistema de Informa\u00e7\u00f5es do Banco do Brasil:<\/span> Associados na ativa no Banco do Brasil, com utiliza\u00e7\u00e3o de senha pessoal de acesso;<\/span><\/li>\n<li><span style=\"color: #ff6600;\"><span style=\"font-weight: 400;\"><strong>TAA \u2013 Terminal de Auto-Atendimento do BB:<\/strong> <\/span><\/span><span style=\"font-weight: 400; color: #333399;\">Todos os associados\/as, com utiliza\u00e7\u00e3o do cart\u00e3o de movimenta\u00e7\u00e3o de conta corrente e senha alfanum\u00e9rica ou biometria.<br \/><\/span><\/li>\n<\/ol>\n<\/div><\/div><\/div><\/div><\/div><\/div><\/div><\/div>","protected":false},"excerpt":{"rendered":"","protected":false},"author":2,"featured_media":0,"parent":0,"menu_order":0,"comment_status":"closed","ping_status":"closed","template":"","meta":{"footnotes":""},"class_list":["post-40","page","type-page","status-publish"],"_links":{"self":[{"href":"https:\/\/cassisolidaria.com.br\/index.php?rest_route=\/wp\/v2\/pages\/40","targetHints":{"allow":["GET"]}}],"collection":[{"href":"https:\/\/cassisolidaria.com.br\/index.php?rest_route=\/wp\/v2\/pages"}],"about":[{"href":"https:\/\/cassisolidaria.com.br\/index.php?rest_route=\/wp\/v2\/types\/page"}],"author":[{"embeddable":true,"href":"https:\/\/cassisolidaria.com.br\/index.php?rest_route=\/wp\/v2\/users\/2"}],"replies":[{"embeddable":true,"href":"https:\/\/cassisolidaria.com.br\/index.php?rest_route=%2Fwp%2Fv2%2Fcomments&post=40"}],"version-history":[{"count":8,"href":"https:\/\/cassisolidaria.com.br\/index.php?rest_route=\/wp\/v2\/pages\/40\/revisions"}],"predecessor-version":[{"id":136,"href":"https:\/\/cassisolidaria.com.br\/index.php?rest_route=\/wp\/v2\/pages\/40\/revisions\/136"}],"wp:attachment":[{"href":"https:\/\/cassisolidaria.com.br\/index.php?rest_route=%2Fwp%2Fv2%2Fmedia&parent=40"}],"curies":[{"name":"wp","href":"https:\/\/api.w.org\/{rel}","templated":true}]}}